{"id":2414,"date":"2024-11-21T14:17:52","date_gmt":"2024-11-21T14:17:52","guid":{"rendered":"http:\/\/refractoriesservices.com.31-193-130-42.omega2000.it\/petroquimica\/"},"modified":"2024-12-19T14:29:42","modified_gmt":"2024-12-19T14:29:42","slug":"petroquimica","status":"publish","type":"page","link":"https:\/\/www.refractoriesservices.com\/es\/petroquimica\/","title":{"rendered":"Petroqu\u00edmica"},"content":{"rendered":"<div class=\"fusion-fullwidth fullwidth-box fusion-builder-row-1 fusion-flex-container has-pattern-background has-mask-background nonhundred-percent-fullwidth non-hundred-percent-height-scrolling\" style=\"--awb-border-radius-top-left:0px;--awb-border-radius-top-right:0px;--awb-border-radius-bottom-right:0px;--awb-border-radius-bottom-left:0px;--awb-background-color:#000000;--awb-flex-wrap:wrap;\" ><div class=\"fusion-builder-row fusion-row fusion-flex-align-items-flex-start fusion-flex-content-wrap\" style=\"max-width:1248px;margin-left: calc(-4% \/ 2 );margin-right: calc(-4% \/ 2 );\"><div class=\"fusion-layout-column fusion_builder_column fusion-builder-column-0 fusion_builder_column_1_1 1_1 fusion-flex-column\" style=\"--awb-bg-size:cover;--awb-width-large:100%;--awb-margin-top-large:0px;--awb-spacing-right-large:1.92%;--awb-margin-bottom-large:20px;--awb-spacing-left-large:1.92%;--awb-width-medium:100%;--awb-order-medium:0;--awb-spacing-right-medium:1.92%;--awb-spacing-left-medium:1.92%;--awb-width-small:100%;--awb-order-small:0;--awb-spacing-right-small:1.92%;--awb-spacing-left-small:1.92%;\"><div class=\"fusion-column-wrapper fusion-column-has-shadow fusion-flex-justify-content-flex-start fusion-content-layout-column\"><div class=\"fusion-title title fusion-title-1 fusion-sep-none fusion-title-center fusion-title-text fusion-title-size-two\" style=\"--awb-text-color:#fcb900;\"><h2 class=\"fusion-title-heading title-heading-center\" style=\"margin:0;\">Petroqu\u00edmica<\/h2><\/div><div class=\"fusion-separator\" style=\"align-self: center;margin-left: auto;margin-right: auto;margin-bottom:20px;width:100%;max-width:80px;\"><div class=\"fusion-separator-border sep-single sep-solid\" style=\"--awb-height:20px;--awb-amount:20px;--awb-sep-color:#fcb900;border-color:#fcb900;border-top-width:1px;\"><\/div><\/div><div class=\"fusion-text fusion-text-1\" style=\"--awb-text-color:#ebeaea;\"><p>La industria petroqu\u00edmica es un sector muy especial que requiere un control continuo, especialmente en la calidad de los trabajos que se realizan desde el punto de vista dimensional y ejecutivo.<\/p>\n<p>Las empresas de ingenier\u00eda m\u00e1s importantes conf\u00edan su trabajo a talleres especializados donde, adem\u00e1s del servicio completo de Refractories Services, se pueden realizar paneles con m\u00f3dulos radiantes y convectivos, sistemas completos con hornos radiantes (radiantes, de arco, convectivos), dep\u00f3sitos de retenci\u00f3n, conductos y chimeneas).<\/p>\n<p>La elaboraci\u00f3n nos permite satisfacer la solicitud completa de los clientes suministrando materiales refractarios, realizando la instalaci\u00f3n de anclajes y materiales aislantes suministrados, y el tratamiento de secado parciales. Todos los procesos citados se completan con la documentaci\u00f3n completa exigida por la normativa aplicable.<\/p>\n<p>En el campo del mantenimiento directo, en las refiner\u00edas, nuestras instalaciones son capaces de satisfacer necesidades espec\u00edficas, adem\u00e1s en el trabajo mec\u00e1nico nuestra empresa ha dise\u00f1ado y construido una m\u00e1quina espec\u00edfica para extraer e insertar tuber\u00edas en la convecci\u00f3n, con un considerable ahorro de tiempo y mano de obra, una novedad exclusiva en el sector.<\/p>\n<\/div><\/div><\/div><\/div><\/div>\n","protected":false},"excerpt":{"rendered":"","protected":false},"author":1,"featured_media":0,"parent":0,"menu_order":0,"comment_status":"closed","ping_status":"closed","template":"100-width.php","meta":{"footnotes":""},"class_list":["post-2414","page","type-page","status-publish","hentry"],"yoast_head":"<!-- This site is optimized with the Yoast SEO plugin v24.1 - https:\/\/yoast.com\/wordpress\/plugins\/seo\/ -->\n<title>Petroqu\u00edmica - Refractories Services<\/title>\n<meta name=\"robots\" content=\"index, follow, max-snippet:-1, max-image-preview:large, max-video-preview:-1\" \/>\n<link rel=\"canonical\" href=\"https:\/\/www.refractoriesservices.com\/es\/petroquimica\/\" \/>\n<meta property=\"og:locale\" content=\"es_ES\" \/>\n<meta property=\"og:type\" content=\"article\" \/>\n<meta property=\"og:title\" content=\"Petroqu\u00edmica - Refractories Services\" \/>\n<meta property=\"og:url\" content=\"https:\/\/www.refractoriesservices.com\/es\/petroquimica\/\" \/>\n<meta property=\"og:site_name\" content=\"Refractories Services\" \/>\n<meta property=\"article:modified_time\" content=\"2024-12-19T14:29:42+00:00\" \/>\n<meta name=\"twitter:card\" content=\"summary_large_image\" \/>\n<meta name=\"twitter:label1\" content=\"Tiempo de lectura\" \/>\n\t<meta name=\"twitter:data1\" content=\"4 minutos\" \/>\n<script type=\"application\/ld+json\" class=\"yoast-schema-graph\">{\"@context\":\"https:\/\/schema.org\",\"@graph\":[{\"@type\":\"WebPage\",\"@id\":\"https:\/\/www.refractoriesservices.com\/es\/petroquimica\/\",\"url\":\"https:\/\/www.refractoriesservices.com\/es\/petroquimica\/\",\"name\":\"Petroqu\u00edmica - Refractories Services\",\"isPartOf\":{\"@id\":\"https:\/\/www.refractoriesservices.com\/#website\"},\"datePublished\":\"2024-11-21T14:17:52+00:00\",\"dateModified\":\"2024-12-19T14:29:42+00:00\",\"breadcrumb\":{\"@id\":\"https:\/\/www.refractoriesservices.com\/es\/petroquimica\/#breadcrumb\"},\"inLanguage\":\"es\",\"potentialAction\":[{\"@type\":\"ReadAction\",\"target\":[\"https:\/\/www.refractoriesservices.com\/es\/petroquimica\/\"]}]},{\"@type\":\"BreadcrumbList\",\"@id\":\"https:\/\/www.refractoriesservices.com\/es\/petroquimica\/#breadcrumb\",\"itemListElement\":[{\"@type\":\"ListItem\",\"position\":1,\"name\":\"Home\",\"item\":\"https:\/\/www.refractoriesservices.com\/es\/\"},{\"@type\":\"ListItem\",\"position\":2,\"name\":\"Petroqu\u00edmica\"}]},{\"@type\":\"WebSite\",\"@id\":\"https:\/\/www.refractoriesservices.com\/#website\",\"url\":\"https:\/\/www.refractoriesservices.com\/\",\"name\":\"Refractories Services\",\"description\":\"\",\"potentialAction\":[{\"@type\":\"SearchAction\",\"target\":{\"@type\":\"EntryPoint\",\"urlTemplate\":\"https:\/\/www.refractoriesservices.com\/?s={search_term_string}\"},\"query-input\":{\"@type\":\"PropertyValueSpecification\",\"valueRequired\":true,\"valueName\":\"search_term_string\"}}],\"inLanguage\":\"es\"}]}<\/script>\n<!-- \/ Yoast SEO plugin. -->","yoast_head_json":{"title":"Petroqu\u00edmica - Refractories Services","robots":{"index":"index","follow":"follow","max-snippet":"max-snippet:-1","max-image-preview":"max-image-preview:large","max-video-preview":"max-video-preview:-1"},"canonical":"https:\/\/www.refractoriesservices.com\/es\/petroquimica\/","og_locale":"es_ES","og_type":"article","og_title":"Petroqu\u00edmica - Refractories Services","og_url":"https:\/\/www.refractoriesservices.com\/es\/petroquimica\/","og_site_name":"Refractories Services","article_modified_time":"2024-12-19T14:29:42+00:00","twitter_card":"summary_large_image","twitter_misc":{"Tiempo de lectura":"4 minutos"},"schema":{"@context":"https:\/\/schema.org","@graph":[{"@type":"WebPage","@id":"https:\/\/www.refractoriesservices.com\/es\/petroquimica\/","url":"https:\/\/www.refractoriesservices.com\/es\/petroquimica\/","name":"Petroqu\u00edmica - Refractories Services","isPartOf":{"@id":"https:\/\/www.refractoriesservices.com\/#website"},"datePublished":"2024-11-21T14:17:52+00:00","dateModified":"2024-12-19T14:29:42+00:00","breadcrumb":{"@id":"https:\/\/www.refractoriesservices.com\/es\/petroquimica\/#breadcrumb"},"inLanguage":"es","potentialAction":[{"@type":"ReadAction","target":["https:\/\/www.refractoriesservices.com\/es\/petroquimica\/"]}]},{"@type":"BreadcrumbList","@id":"https:\/\/www.refractoriesservices.com\/es\/petroquimica\/#breadcrumb","itemListElement":[{"@type":"ListItem","position":1,"name":"Home","item":"https:\/\/www.refractoriesservices.com\/es\/"},{"@type":"ListItem","position":2,"name":"Petroqu\u00edmica"}]},{"@type":"WebSite","@id":"https:\/\/www.refractoriesservices.com\/#website","url":"https:\/\/www.refractoriesservices.com\/","name":"Refractories Services","description":"","potentialAction":[{"@type":"SearchAction","target":{"@type":"EntryPoint","urlTemplate":"https:\/\/www.refractoriesservices.com\/?s={search_term_string}"},"query-input":{"@type":"PropertyValueSpecification","valueRequired":true,"valueName":"search_term_string"}}],"inLanguage":"es"}]}},"_links":{"self":[{"href":"https:\/\/www.refractoriesservices.com\/es\/wp-json\/wp\/v2\/pages\/2414","targetHints":{"allow":["GET"]}}],"collection":[{"href":"https:\/\/www.refractoriesservices.com\/es\/wp-json\/wp\/v2\/pages"}],"about":[{"href":"https:\/\/www.refractoriesservices.com\/es\/wp-json\/wp\/v2\/types\/page"}],"author":[{"embeddable":true,"href":"https:\/\/www.refractoriesservices.com\/es\/wp-json\/wp\/v2\/users\/1"}],"replies":[{"embeddable":true,"href":"https:\/\/www.refractoriesservices.com\/es\/wp-json\/wp\/v2\/comments?post=2414"}],"version-history":[{"count":4,"href":"https:\/\/www.refractoriesservices.com\/es\/wp-json\/wp\/v2\/pages\/2414\/revisions"}],"predecessor-version":[{"id":4269,"href":"https:\/\/www.refractoriesservices.com\/es\/wp-json\/wp\/v2\/pages\/2414\/revisions\/4269"}],"wp:attachment":[{"href":"https:\/\/www.refractoriesservices.com\/es\/wp-json\/wp\/v2\/media?parent=2414"}],"curies":[{"name":"wp","href":"https:\/\/api.w.org\/{rel}","templated":true}]}}