{"id":2504,"date":"2024-11-22T08:18:01","date_gmt":"2024-11-22T08:18:01","guid":{"rendered":"http:\/\/refractoriesservices.com.31-193-130-42.omega2000.it\/fuer-das-soziale\/"},"modified":"2024-12-19T14:11:22","modified_gmt":"2024-12-19T14:11:22","slug":"fuer-das-soziale","status":"publish","type":"page","link":"https:\/\/www.refractoriesservices.com\/de\/fuer-das-soziale\/","title":{"rendered":"F\u00fcr das soziale"},"content":{"rendered":"<div class=\"fusion-fullwidth fullwidth-box fusion-builder-row-1 fusion-flex-container nonhundred-percent-fullwidth non-hundred-percent-height-scrolling\" style=\"--awb-border-radius-top-left:0px;--awb-border-radius-top-right:0px;--awb-border-radius-bottom-right:0px;--awb-border-radius-bottom-left:0px;--awb-padding-top:30px;--awb-padding-bottom:90px;--awb-padding-top-small:0px;--awb-padding-bottom-small:30px;--awb-background-color:#eae9e9;--awb-flex-wrap:wrap;\" ><div class=\"fusion-builder-row fusion-row fusion-flex-align-items-flex-start fusion-flex-justify-content-center fusion-flex-content-wrap\" style=\"max-width:1248px;margin-left: calc(-4% \/ 2 );margin-right: calc(-4% \/ 2 );\"><div class=\"fusion-layout-column fusion_builder_column fusion-builder-column-0 fusion_builder_column_4_5 4_5 fusion-flex-column fusion-animated\" style=\"--awb-bg-size:cover;--awb-width-large:80%;--awb-margin-top-large:0px;--awb-spacing-right-large:2.4%;--awb-margin-bottom-large:10px;--awb-spacing-left-large:2.4%;--awb-width-medium:80%;--awb-order-medium:0;--awb-spacing-right-medium:2.4%;--awb-spacing-left-medium:2.4%;--awb-width-small:100%;--awb-order-small:0;--awb-spacing-right-small:1.92%;--awb-margin-bottom-small:0px;--awb-spacing-left-small:1.92%;\" data-animationType=\"fadeIn\" data-animationDuration=\"1.0\" data-animationOffset=\"top-into-view\"><div class=\"fusion-column-wrapper fusion-column-has-shadow fusion-flex-justify-content-flex-start fusion-content-layout-column\"><div class=\"fusion-title title fusion-title-1 fusion-sep-none fusion-title-center fusion-title-text fusion-title-size-two\" style=\"--awb-text-color:#fcb900;--awb-margin-bottom:30px;--awb-margin-bottom-small:30px;\"><h2 class=\"fusion-title-heading title-heading-center\" style=\"margin:0;letter-spacing:-1px;\">F\u00fcr das soziale<\/h2><\/div><div class=\"fusion-separator\" style=\"align-self: center;margin-left: auto;margin-right: auto;margin-bottom:20px;width:100%;max-width:80px;\"><div class=\"fusion-separator-border sep-single sep-solid\" style=\"--awb-height:20px;--awb-amount:20px;--awb-sep-color:#fcb900;border-color:#fcb900;border-top-width:1px;\"><\/div><\/div><\/div><\/div><div class=\"fusion-layout-column fusion_builder_column fusion-builder-column-1 fusion_builder_column_1_1 1_1 fusion-flex-column\" style=\"--awb-bg-size:cover;--awb-width-large:100%;--awb-margin-top-large:70px;--awb-spacing-right-large:1.92%;--awb-margin-bottom-large:20px;--awb-spacing-left-large:1.92%;--awb-width-medium:100%;--awb-order-medium:0;--awb-spacing-right-medium:1.92%;--awb-spacing-left-medium:1.92%;--awb-width-small:100%;--awb-order-small:0;--awb-spacing-right-small:1.92%;--awb-spacing-left-small:1.92%;\"><div class=\"fusion-column-wrapper fusion-column-has-shadow fusion-flex-justify-content-flex-start fusion-content-layout-column\"><div class=\"fusion-post-cards fusion-post-cards-1 fusion-delayed-animation fusion-grid-archive fusion-grid-columns-3\" style=\"--awb-column-spacing:40px;--awb-columns:3;\" data-animationType=\"fadeInDown\" data-animationDuration=\"1.0\" data-animationOffset=\"top-into-view\" data-animation-delay=\"0.6\"><ul class=\"fusion-grid fusion-grid-3 fusion-flex-align-items-stretch fusion-grid-posts-cards\"><li class=\"fusion-layout-column fusion_builder_column fusion-builder-column-2 fusion-flex-column post-card fusion-grid-column fusion-post-cards-grid-column fusion-animated\" style=\"--awb-padding-top:35px;--awb-padding-right:35px;--awb-padding-bottom:35px;--awb-padding-left:35px;--awb-bg-color:var(--awb-color1);--awb-bg-color-hover:var(--awb-color1);--awb-bg-size:cover;--awb-border-color:hsla(var(--awb-color8-h),var(--awb-color8-s),calc( var(--awb-color8-l) + 90% ),var(--awb-color8-a));--awb-border-top:1px;--awb-border-right:1px;--awb-border-bottom:1px;--awb-border-left:1px;--awb-border-style:solid;\"><div class=\"fusion-column-wrapper fusion-flex-justify-content-flex-start fusion-content-layout-column\"><div class=\"fusion-classic-product-image-wrapper fusion-woo-product-image fusion-post-card-image fusion-post-card-image-1\" data-layout=\"static\" style=\"--awb-margin-bottom:20px;\"><div  class=\"fusion-image-wrapper\" aria-haspopup=\"true\">\n\t\t\t\t\t\t\t<a href=\"https:\/\/www.refractoriesservices.com\/de\/wwf-italien-jede-geste-der-solidaritaet-zaehlt\/\" aria-label=\"WWF Italien \u2013 \u201eJede Geste der Solidarit\u00e4t z\u00e4hlt\u201c\">\n\t\t\t\t\t\t\t<img decoding=\"async\" width=\"909\" height=\"667\" src=\"https:\/\/www.refractoriesservices.com\/wp-content\/uploads\/2025\/04\/WWF-Cartolina-Valoriale-Our-Future-900388-1665-REFRACTORIES-SERVICES-SRL-SB.jpg?wsr\" class=\"attachment-full size-full wp-post-image\" alt=\"\" srcset=\"https:\/\/www.refractoriesservices.com\/wp-content\/uploads\/2025\/04\/WWF-Cartolina-Valoriale-Our-Future-900388-1665-REFRACTORIES-SERVICES-SRL-SB-200x147.jpg 200w, https:\/\/www.refractoriesservices.com\/wp-content\/uploads\/2025\/04\/WWF-Cartolina-Valoriale-Our-Future-900388-1665-REFRACTORIES-SERVICES-SRL-SB-400x294.jpg 400w, https:\/\/www.refractoriesservices.com\/wp-content\/uploads\/2025\/04\/WWF-Cartolina-Valoriale-Our-Future-900388-1665-REFRACTORIES-SERVICES-SRL-SB-600x440.jpg 600w, https:\/\/www.refractoriesservices.com\/wp-content\/uploads\/2025\/04\/WWF-Cartolina-Valoriale-Our-Future-900388-1665-REFRACTORIES-SERVICES-SRL-SB-800x587.jpg 800w, https:\/\/www.refractoriesservices.com\/wp-content\/uploads\/2025\/04\/WWF-Cartolina-Valoriale-Our-Future-900388-1665-REFRACTORIES-SERVICES-SRL-SB.jpg?wsr 909w\" sizes=\"(min-width: 2200px) 100vw, (min-width: 784px) 373px, (min-width: 712px) 560px, (min-width: 640px) 712px, \" \/>\t\t\t<\/a>\n\t\t\t\t\t\t\t<\/div>\n<\/div><div class=\"fusion-title title fusion-title-2 fusion-sep-none fusion-title-center fusion-title-text fusion-title-size-two\" style=\"--awb-font-size:20px;\"><h2 class=\"fusion-title-heading title-heading-center\" style=\"margin:0;font-size:1em;\"><a href=\"https:\/\/www.refractoriesservices.com\/de\/wwf-italien-jede-geste-der-solidaritaet-zaehlt\/\" class=\"awb-custom-text-color awb-custom-text-hover-color\" target=\"_self\">WWF Italien \u2013 \u201eJede Geste der Solidarit\u00e4t z\u00e4hlt\u201c<\/a><\/h2><\/div><div class=\"fusion-separator\" style=\"align-self: center;margin-left: auto;margin-right: auto;margin-bottom:30px;width:100%;max-width:70px;\"><div class=\"fusion-separator-border sep-single sep-solid\" style=\"--awb-height:20px;--awb-amount:20px;--awb-sep-color:var(--awb-color4);border-color:var(--awb-color4);border-top-width:3px;\"><\/div><\/div><div class=\"fusion-separator fusion-full-width-sep\" style=\"align-self: center;margin-left: auto;margin-right: auto;flex-grow:1;width:100%;\"><\/div><div style=\"text-align:center;\"><a class=\"fusion-button button-flat fusion-button-default-size button-default fusion-button-default button-1 fusion-button-default-span fusion-button-default-type\" style=\"--button_margin-top:10px;\" target=\"_self\" href=\"https:\/\/www.refractoriesservices.com\/de\/wwf-italien-jede-geste-der-solidaritaet-zaehlt\/\"><span class=\"fusion-button-text\">Mehr lesen<\/span><\/a><\/div><\/div><\/li>\n<li class=\"fusion-layout-column fusion_builder_column fusion-builder-column-3 fusion-flex-column post-card fusion-grid-column fusion-post-cards-grid-column fusion-animated\" style=\"--awb-padding-top:35px;--awb-padding-right:35px;--awb-padding-bottom:35px;--awb-padding-left:35px;--awb-bg-color:var(--awb-color1);--awb-bg-color-hover:var(--awb-color1);--awb-bg-size:cover;--awb-border-color:hsla(var(--awb-color8-h),var(--awb-color8-s),calc( var(--awb-color8-l) + 90% ),var(--awb-color8-a));--awb-border-top:1px;--awb-border-right:1px;--awb-border-bottom:1px;--awb-border-left:1px;--awb-border-style:solid;\"><div class=\"fusion-column-wrapper fusion-flex-justify-content-flex-start fusion-content-layout-column\"><div class=\"fusion-classic-product-image-wrapper fusion-woo-product-image fusion-post-card-image fusion-post-card-image-1\" data-layout=\"static\" style=\"--awb-margin-bottom:20px;\"><div  class=\"fusion-image-wrapper\" aria-haspopup=\"true\">\n\t\t\t\t\t\t\t<a href=\"https:\/\/www.refractoriesservices.com\/de\/wir-unterstuetzen-merys-meals-mit-dem-projekt-pappa-buona-das-kinder-in-einigen-der-aermsten-laender-der-welt-mit-schulmahlzeiten-versorgt\/\" aria-label=\"Wir unterst\u00fctzen Mery&#8217;s Meals mit dem Projekt Pappa Buona, das Kinder in einigen der \u00e4rmsten L\u00e4nder der Welt mit Schulmahlzeiten versorgt\">\n\t\t\t\t\t\t\t<img decoding=\"async\" width=\"320\" height=\"214\" src=\"https:\/\/www.refractoriesservices.com\/wp-content\/uploads\/2024\/12\/IMMAG-BAMBINI.jpg?wsr\" class=\"attachment-full size-full wp-post-image\" alt=\"\" srcset=\"https:\/\/www.refractoriesservices.com\/wp-content\/uploads\/2024\/12\/IMMAG-BAMBINI-200x134.jpg 200w, https:\/\/www.refractoriesservices.com\/wp-content\/uploads\/2024\/12\/IMMAG-BAMBINI.jpg?wsr 320w\" sizes=\"(min-width: 2200px) 100vw, (min-width: 784px) 373px, (min-width: 712px) 560px, (min-width: 640px) 712px, \" \/>\t\t\t<\/a>\n\t\t\t\t\t\t\t<\/div>\n<\/div><div class=\"fusion-title title fusion-title-3 fusion-sep-none fusion-title-center fusion-title-text fusion-title-size-two\" style=\"--awb-font-size:20px;\"><h2 class=\"fusion-title-heading title-heading-center\" style=\"margin:0;font-size:1em;\"><a href=\"https:\/\/www.refractoriesservices.com\/de\/wir-unterstuetzen-merys-meals-mit-dem-projekt-pappa-buona-das-kinder-in-einigen-der-aermsten-laender-der-welt-mit-schulmahlzeiten-versorgt\/\" class=\"awb-custom-text-color awb-custom-text-hover-color\" target=\"_self\">Wir unterst\u00fctzen Mery&#8217;s Meals mit dem Projekt Pappa Buona, das Kinder in einigen der \u00e4rmsten L\u00e4nder der Welt mit Schulmahlzeiten versorgt<\/a><\/h2><\/div><div class=\"fusion-separator\" style=\"align-self: center;margin-left: auto;margin-right: auto;margin-bottom:30px;width:100%;max-width:70px;\"><div class=\"fusion-separator-border sep-single sep-solid\" style=\"--awb-height:20px;--awb-amount:20px;--awb-sep-color:var(--awb-color4);border-color:var(--awb-color4);border-top-width:3px;\"><\/div><\/div><div class=\"fusion-separator fusion-full-width-sep\" style=\"align-self: center;margin-left: auto;margin-right: auto;flex-grow:1;width:100%;\"><\/div><div style=\"text-align:center;\"><a class=\"fusion-button button-flat fusion-button-default-size button-default fusion-button-default button-2 fusion-button-default-span fusion-button-default-type\" style=\"--button_margin-top:10px;\" target=\"_self\" href=\"https:\/\/www.refractoriesservices.com\/de\/wir-unterstuetzen-merys-meals-mit-dem-projekt-pappa-buona-das-kinder-in-einigen-der-aermsten-laender-der-welt-mit-schulmahlzeiten-versorgt\/\"><span class=\"fusion-button-text\">Mehr lesen<\/span><\/a><\/div><\/div><\/li>\n<li class=\"fusion-layout-column fusion_builder_column fusion-builder-column-4 fusion-flex-column post-card fusion-grid-column fusion-post-cards-grid-column fusion-animated\" style=\"--awb-padding-top:35px;--awb-padding-right:35px;--awb-padding-bottom:35px;--awb-padding-left:35px;--awb-bg-color:var(--awb-color1);--awb-bg-color-hover:var(--awb-color1);--awb-bg-size:cover;--awb-border-color:hsla(var(--awb-color8-h),var(--awb-color8-s),calc( var(--awb-color8-l) + 90% ),var(--awb-color8-a));--awb-border-top:1px;--awb-border-right:1px;--awb-border-bottom:1px;--awb-border-left:1px;--awb-border-style:solid;\"><div class=\"fusion-column-wrapper fusion-flex-justify-content-flex-start fusion-content-layout-column\"><div class=\"fusion-classic-product-image-wrapper fusion-woo-product-image fusion-post-card-image fusion-post-card-image-1\" data-layout=\"static\" style=\"--awb-margin-bottom:20px;\"><div  class=\"fusion-image-wrapper\" aria-haspopup=\"true\">\n\t\t\t\t\t\t\t<a href=\"https:\/\/www.refractoriesservices.com\/de\/welfarecare-ist-partner-der-initiative-zur-brustkrebspraevention\/\" aria-label=\"WelfareCare ist Partner der Initiative zur Brustkrebspr\u00e4vention.\">\n\t\t\t\t\t\t\t<img decoding=\"async\" width=\"1920\" height=\"1080\" src=\"https:\/\/www.refractoriesservices.com\/wp-content\/uploads\/2024\/11\/banner-prevenzione-seno-refractories.jpg?wsr\" class=\"attachment-full size-full wp-post-image\" alt=\"\" srcset=\"https:\/\/www.refractoriesservices.com\/wp-content\/uploads\/2024\/11\/banner-prevenzione-seno-refractories-200x113.jpg 200w, https:\/\/www.refractoriesservices.com\/wp-content\/uploads\/2024\/11\/banner-prevenzione-seno-refractories-400x225.jpg 400w, https:\/\/www.refractoriesservices.com\/wp-content\/uploads\/2024\/11\/banner-prevenzione-seno-refractories-600x338.jpg 600w, https:\/\/www.refractoriesservices.com\/wp-content\/uploads\/2024\/11\/banner-prevenzione-seno-refractories-800x450.jpg 800w, https:\/\/www.refractoriesservices.com\/wp-content\/uploads\/2024\/11\/banner-prevenzione-seno-refractories-1200x675.jpg 1200w, https:\/\/www.refractoriesservices.com\/wp-content\/uploads\/2024\/11\/banner-prevenzione-seno-refractories.jpg?wsr 1920w\" sizes=\"(min-width: 2200px) 100vw, (min-width: 784px) 373px, (min-width: 712px) 560px, (min-width: 640px) 712px, \" \/>\t\t\t<\/a>\n\t\t\t\t\t\t\t<\/div>\n<\/div><div class=\"fusion-title title fusion-title-4 fusion-sep-none fusion-title-center fusion-title-text fusion-title-size-two\" style=\"--awb-font-size:20px;\"><h2 class=\"fusion-title-heading title-heading-center\" style=\"margin:0;font-size:1em;\"><a href=\"https:\/\/www.refractoriesservices.com\/de\/welfarecare-ist-partner-der-initiative-zur-brustkrebspraevention\/\" class=\"awb-custom-text-color awb-custom-text-hover-color\" target=\"_self\">WelfareCare ist Partner der Initiative zur Brustkrebspr\u00e4vention.<\/a><\/h2><\/div><div class=\"fusion-separator\" style=\"align-self: center;margin-left: auto;margin-right: auto;margin-bottom:30px;width:100%;max-width:70px;\"><div class=\"fusion-separator-border sep-single sep-solid\" style=\"--awb-height:20px;--awb-amount:20px;--awb-sep-color:var(--awb-color4);border-color:var(--awb-color4);border-top-width:3px;\"><\/div><\/div><div class=\"fusion-separator fusion-full-width-sep\" style=\"align-self: center;margin-left: auto;margin-right: auto;flex-grow:1;width:100%;\"><\/div><div style=\"text-align:center;\"><a class=\"fusion-button button-flat fusion-button-default-size button-default fusion-button-default button-3 fusion-button-default-span fusion-button-default-type\" style=\"--button_margin-top:10px;\" target=\"_self\" href=\"https:\/\/www.refractoriesservices.com\/de\/welfarecare-ist-partner-der-initiative-zur-brustkrebspraevention\/\"><span class=\"fusion-button-text\">Mehr lesen<\/span><\/a><\/div><\/div><\/li>\n<li class=\"fusion-layout-column fusion_builder_column fusion-builder-column-5 fusion-flex-column post-card fusion-grid-column fusion-post-cards-grid-column fusion-animated\" style=\"--awb-padding-top:35px;--awb-padding-right:35px;--awb-padding-bottom:35px;--awb-padding-left:35px;--awb-bg-color:var(--awb-color1);--awb-bg-color-hover:var(--awb-color1);--awb-bg-size:cover;--awb-border-color:hsla(var(--awb-color8-h),var(--awb-color8-s),calc( var(--awb-color8-l) + 90% ),var(--awb-color8-a));--awb-border-top:1px;--awb-border-right:1px;--awb-border-bottom:1px;--awb-border-left:1px;--awb-border-style:solid;\"><div class=\"fusion-column-wrapper fusion-flex-justify-content-flex-start fusion-content-layout-column\"><div class=\"fusion-classic-product-image-wrapper fusion-woo-product-image fusion-post-card-image fusion-post-card-image-1\" data-layout=\"static\" style=\"--awb-margin-bottom:20px;\"><div  class=\"fusion-image-wrapper\" aria-haspopup=\"true\">\n\t\t\t\t\t\t\t<a href=\"https:\/\/www.refractoriesservices.com\/de\/solidarisches-verkehrsprojekt-garantierte-mobilitaet-in-der-gemeinde-casalserugo\/\" aria-label=\"Solidarisches Verkehrsprojekt &#8222;Garantierte Mobilit\u00e4t in der Gemeinde Casalserugo\u201c\">\n\t\t\t\t\t\t\t<img decoding=\"async\" width=\"800\" height=\"600\" src=\"https:\/\/www.refractoriesservices.com\/wp-content\/uploads\/2024\/12\/refractories_progetto_trasporto_solidale03.jpg?wsr\" class=\"attachment-full size-full wp-post-image\" alt=\"\" srcset=\"https:\/\/www.refractoriesservices.com\/wp-content\/uploads\/2024\/12\/refractories_progetto_trasporto_solidale03-200x150.jpg 200w, https:\/\/www.refractoriesservices.com\/wp-content\/uploads\/2024\/12\/refractories_progetto_trasporto_solidale03-400x300.jpg 400w, https:\/\/www.refractoriesservices.com\/wp-content\/uploads\/2024\/12\/refractories_progetto_trasporto_solidale03-600x450.jpg 600w, https:\/\/www.refractoriesservices.com\/wp-content\/uploads\/2024\/12\/refractories_progetto_trasporto_solidale03.jpg?wsr 800w\" sizes=\"(min-width: 2200px) 100vw, (min-width: 784px) 373px, (min-width: 712px) 560px, (min-width: 640px) 712px, \" \/>\t\t\t<\/a>\n\t\t\t\t\t\t\t<\/div>\n<\/div><div class=\"fusion-title title fusion-title-5 fusion-sep-none fusion-title-center fusion-title-text fusion-title-size-two\" style=\"--awb-font-size:20px;\"><h2 class=\"fusion-title-heading title-heading-center\" style=\"margin:0;font-size:1em;\"><a href=\"https:\/\/www.refractoriesservices.com\/de\/solidarisches-verkehrsprojekt-garantierte-mobilitaet-in-der-gemeinde-casalserugo\/\" class=\"awb-custom-text-color awb-custom-text-hover-color\" target=\"_self\">Solidarisches Verkehrsprojekt &#8222;Garantierte Mobilit\u00e4t in der Gemeinde Casalserugo\u201c<\/a><\/h2><\/div><div class=\"fusion-separator\" style=\"align-self: center;margin-left: auto;margin-right: auto;margin-bottom:30px;width:100%;max-width:70px;\"><div class=\"fusion-separator-border sep-single sep-solid\" style=\"--awb-height:20px;--awb-amount:20px;--awb-sep-color:var(--awb-color4);border-color:var(--awb-color4);border-top-width:3px;\"><\/div><\/div><div class=\"fusion-separator fusion-full-width-sep\" style=\"align-self: center;margin-left: auto;margin-right: auto;flex-grow:1;width:100%;\"><\/div><div style=\"text-align:center;\"><a class=\"fusion-button button-flat fusion-button-default-size button-default fusion-button-default button-4 fusion-button-default-span fusion-button-default-type\" style=\"--button_margin-top:10px;\" target=\"_self\" href=\"https:\/\/www.refractoriesservices.com\/de\/solidarisches-verkehrsprojekt-garantierte-mobilitaet-in-der-gemeinde-casalserugo\/\"><span class=\"fusion-button-text\">Mehr lesen<\/span><\/a><\/div><\/div><\/li>\n<\/ul><\/div><\/div><\/div><\/div><\/div>\n","protected":false},"excerpt":{"rendered":"","protected":false},"author":1,"featured_media":0,"parent":0,"menu_order":0,"comment_status":"closed","ping_status":"closed","template":"100-width.php","meta":{"footnotes":""},"class_list":["post-2504","page","type-page","status-publish","hentry"],"yoast_head":"<!-- This site is optimized with the Yoast SEO plugin v24.1 - https:\/\/yoast.com\/wordpress\/plugins\/seo\/ -->\n<title>F\u00fcr das soziale - Refractories Services<\/title>\n<meta name=\"robots\" content=\"index, follow, max-snippet:-1, max-image-preview:large, max-video-preview:-1\" \/>\n<link rel=\"canonical\" href=\"https:\/\/www.refractoriesservices.com\/de\/fuer-das-soziale\/\" \/>\n<meta property=\"og:locale\" content=\"de_DE\" \/>\n<meta property=\"og:type\" content=\"article\" \/>\n<meta property=\"og:title\" content=\"F\u00fcr das soziale - Refractories Services\" \/>\n<meta property=\"og:url\" content=\"https:\/\/www.refractoriesservices.com\/de\/fuer-das-soziale\/\" \/>\n<meta property=\"og:site_name\" content=\"Refractories Services\" \/>\n<meta property=\"article:modified_time\" content=\"2024-12-19T14:11:22+00:00\" \/>\n<meta name=\"twitter:card\" content=\"summary_large_image\" \/>\n<meta name=\"twitter:label1\" content=\"Gesch\u00e4tzte Lesezeit\" \/>\n\t<meta name=\"twitter:data1\" content=\"4\u00a0Minuten\" \/>\n<script type=\"application\/ld+json\" class=\"yoast-schema-graph\">{\"@context\":\"https:\/\/schema.org\",\"@graph\":[{\"@type\":\"WebPage\",\"@id\":\"https:\/\/www.refractoriesservices.com\/de\/fuer-das-soziale\/\",\"url\":\"https:\/\/www.refractoriesservices.com\/de\/fuer-das-soziale\/\",\"name\":\"F\u00fcr das soziale - Refractories Services\",\"isPartOf\":{\"@id\":\"https:\/\/www.refractoriesservices.com\/#website\"},\"datePublished\":\"2024-11-22T08:18:01+00:00\",\"dateModified\":\"2024-12-19T14:11:22+00:00\",\"breadcrumb\":{\"@id\":\"https:\/\/www.refractoriesservices.com\/de\/fuer-das-soziale\/#breadcrumb\"},\"inLanguage\":\"de\",\"potentialAction\":[{\"@type\":\"ReadAction\",\"target\":[\"https:\/\/www.refractoriesservices.com\/de\/fuer-das-soziale\/\"]}]},{\"@type\":\"BreadcrumbList\",\"@id\":\"https:\/\/www.refractoriesservices.com\/de\/fuer-das-soziale\/#breadcrumb\",\"itemListElement\":[{\"@type\":\"ListItem\",\"position\":1,\"name\":\"Home\",\"item\":\"https:\/\/www.refractoriesservices.com\/de\/\"},{\"@type\":\"ListItem\",\"position\":2,\"name\":\"F\u00fcr das soziale\"}]},{\"@type\":\"WebSite\",\"@id\":\"https:\/\/www.refractoriesservices.com\/#website\",\"url\":\"https:\/\/www.refractoriesservices.com\/\",\"name\":\"Refractories Services\",\"description\":\"\",\"potentialAction\":[{\"@type\":\"SearchAction\",\"target\":{\"@type\":\"EntryPoint\",\"urlTemplate\":\"https:\/\/www.refractoriesservices.com\/?s={search_term_string}\"},\"query-input\":{\"@type\":\"PropertyValueSpecification\",\"valueRequired\":true,\"valueName\":\"search_term_string\"}}],\"inLanguage\":\"de\"}]}<\/script>\n<!-- \/ Yoast SEO plugin. -->","yoast_head_json":{"title":"F\u00fcr das soziale - Refractories Services","robots":{"index":"index","follow":"follow","max-snippet":"max-snippet:-1","max-image-preview":"max-image-preview:large","max-video-preview":"max-video-preview:-1"},"canonical":"https:\/\/www.refractoriesservices.com\/de\/fuer-das-soziale\/","og_locale":"de_DE","og_type":"article","og_title":"F\u00fcr das soziale - Refractories Services","og_url":"https:\/\/www.refractoriesservices.com\/de\/fuer-das-soziale\/","og_site_name":"Refractories Services","article_modified_time":"2024-12-19T14:11:22+00:00","twitter_card":"summary_large_image","twitter_misc":{"Gesch\u00e4tzte Lesezeit":"4\u00a0Minuten"},"schema":{"@context":"https:\/\/schema.org","@graph":[{"@type":"WebPage","@id":"https:\/\/www.refractoriesservices.com\/de\/fuer-das-soziale\/","url":"https:\/\/www.refractoriesservices.com\/de\/fuer-das-soziale\/","name":"F\u00fcr das soziale - Refractories Services","isPartOf":{"@id":"https:\/\/www.refractoriesservices.com\/#website"},"datePublished":"2024-11-22T08:18:01+00:00","dateModified":"2024-12-19T14:11:22+00:00","breadcrumb":{"@id":"https:\/\/www.refractoriesservices.com\/de\/fuer-das-soziale\/#breadcrumb"},"inLanguage":"de","potentialAction":[{"@type":"ReadAction","target":["https:\/\/www.refractoriesservices.com\/de\/fuer-das-soziale\/"]}]},{"@type":"BreadcrumbList","@id":"https:\/\/www.refractoriesservices.com\/de\/fuer-das-soziale\/#breadcrumb","itemListElement":[{"@type":"ListItem","position":1,"name":"Home","item":"https:\/\/www.refractoriesservices.com\/de\/"},{"@type":"ListItem","position":2,"name":"F\u00fcr das soziale"}]},{"@type":"WebSite","@id":"https:\/\/www.refractoriesservices.com\/#website","url":"https:\/\/www.refractoriesservices.com\/","name":"Refractories Services","description":"","potentialAction":[{"@type":"SearchAction","target":{"@type":"EntryPoint","urlTemplate":"https:\/\/www.refractoriesservices.com\/?s={search_term_string}"},"query-input":{"@type":"PropertyValueSpecification","valueRequired":true,"valueName":"search_term_string"}}],"inLanguage":"de"}]}},"_links":{"self":[{"href":"https:\/\/www.refractoriesservices.com\/de\/wp-json\/wp\/v2\/pages\/2504","targetHints":{"allow":["GET"]}}],"collection":[{"href":"https:\/\/www.refractoriesservices.com\/de\/wp-json\/wp\/v2\/pages"}],"about":[{"href":"https:\/\/www.refractoriesservices.com\/de\/wp-json\/wp\/v2\/types\/page"}],"author":[{"embeddable":true,"href":"https:\/\/www.refractoriesservices.com\/de\/wp-json\/wp\/v2\/users\/1"}],"replies":[{"embeddable":true,"href":"https:\/\/www.refractoriesservices.com\/de\/wp-json\/wp\/v2\/comments?post=2504"}],"version-history":[{"count":4,"href":"https:\/\/www.refractoriesservices.com\/de\/wp-json\/wp\/v2\/pages\/2504\/revisions"}],"predecessor-version":[{"id":4241,"href":"https:\/\/www.refractoriesservices.com\/de\/wp-json\/wp\/v2\/pages\/2504\/revisions\/4241"}],"wp:attachment":[{"href":"https:\/\/www.refractoriesservices.com\/de\/wp-json\/wp\/v2\/media?parent=2504"}],"curies":[{"name":"wp","href":"https:\/\/api.w.org\/{rel}","templated":true}]}}