{"id":2495,"date":"2024-11-21T16:09:19","date_gmt":"2024-11-21T16:09:19","guid":{"rendered":"http:\/\/refractoriesservices.com.31-193-130-42.omega2000.it\/mission\/"},"modified":"2024-12-19T13:50:40","modified_gmt":"2024-12-19T13:50:40","slug":"mission","status":"publish","type":"page","link":"https:\/\/www.refractoriesservices.com\/de\/mission\/","title":{"rendered":"Mission"},"content":{"rendered":"<div class=\"fusion-fullwidth fullwidth-box fusion-builder-row-1 fusion-flex-container has-pattern-background has-mask-background nonhundred-percent-fullwidth non-hundred-percent-height-scrolling\" style=\"--awb-border-radius-top-left:0px;--awb-border-radius-top-right:0px;--awb-border-radius-bottom-right:0px;--awb-border-radius-bottom-left:0px;--awb-background-color:#000000;--awb-flex-wrap:wrap;\" ><div class=\"fusion-builder-row fusion-row fusion-flex-align-items-flex-start fusion-flex-content-wrap\" style=\"max-width:1248px;margin-left: calc(-4% \/ 2 );margin-right: calc(-4% \/ 2 );\"><div class=\"fusion-layout-column fusion_builder_column fusion-builder-column-0 fusion_builder_column_1_1 1_1 fusion-flex-column\" style=\"--awb-bg-size:cover;--awb-width-large:100%;--awb-margin-top-large:0px;--awb-spacing-right-large:1.92%;--awb-margin-bottom-large:20px;--awb-spacing-left-large:1.92%;--awb-width-medium:100%;--awb-order-medium:0;--awb-spacing-right-medium:1.92%;--awb-spacing-left-medium:1.92%;--awb-width-small:100%;--awb-order-small:0;--awb-spacing-right-small:1.92%;--awb-spacing-left-small:1.92%;\"><div class=\"fusion-column-wrapper fusion-column-has-shadow fusion-flex-justify-content-flex-start fusion-content-layout-column\"><div class=\"fusion-title title fusion-title-1 fusion-sep-none fusion-title-center fusion-title-text fusion-title-size-two\" style=\"--awb-text-color:#fcb900;\"><h2 class=\"fusion-title-heading title-heading-center\" style=\"margin:0;\">Unsere werte<\/h2><\/div><div class=\"fusion-separator\" style=\"align-self: center;margin-left: auto;margin-right: auto;margin-bottom:20px;width:100%;max-width:80px;\"><div class=\"fusion-separator-border sep-single sep-solid\" style=\"--awb-height:20px;--awb-amount:20px;--awb-sep-color:#fcb900;border-color:#fcb900;border-top-width:1px;\"><\/div><\/div><\/div><\/div><div class=\"fusion-layout-column fusion_builder_column fusion-builder-column-1 fusion_builder_column_1_1 1_1 fusion-flex-column\" style=\"--awb-bg-size:cover;--awb-width-large:100%;--awb-margin-top-large:0px;--awb-spacing-right-large:1.92%;--awb-margin-bottom-large:20px;--awb-spacing-left-large:1.92%;--awb-width-medium:100%;--awb-order-medium:0;--awb-spacing-right-medium:1.92%;--awb-spacing-left-medium:1.92%;--awb-width-small:100%;--awb-order-small:0;--awb-spacing-right-small:1.92%;--awb-spacing-left-small:1.92%;\"><div class=\"fusion-column-wrapper fusion-column-has-shadow fusion-flex-justify-content-flex-start fusion-content-layout-column\"><div class=\"fusion-text fusion-text-1\" style=\"--awb-content-alignment:center;--awb-font-size:30px;--awb-text-color:#fcb900;\"><p style=\"color: #fcb900;\">Mission<\/p>\n<\/div><div class=\"fusion-image-element \" style=\"text-align:center;--awb-caption-title-font-family:var(--h2_typography-font-family);--awb-caption-title-font-weight:var(--h2_typography-font-weight);--awb-caption-title-font-style:var(--h2_typography-font-style);--awb-caption-title-size:var(--h2_typography-font-size);--awb-caption-title-transform:var(--h2_typography-text-transform);--awb-caption-title-line-height:var(--h2_typography-line-height);--awb-caption-title-letter-spacing:var(--h2_typography-letter-spacing);\"><span class=\" fusion-imageframe imageframe-none imageframe-1 hover-type-none\"><img decoding=\"async\" width=\"109\" height=\"95\" title=\"mission_refractories\" src=\"https:\/\/www.refractoriesservices.com\/wp-content\/uploads\/2024\/12\/mission_refractories.png\" alt class=\"img-responsive wp-image-3563\"\/><\/span><\/div><div class=\"fusion-text fusion-text-2\" style=\"--awb-content-alignment:center;--awb-text-color:#ebeaea;--awb-margin-top:35px;\"><p>Die <b>Mission von Refractories Services<\/b> ist die <strong>Zufriedenheit der Kunden<\/strong> <strong>hinsichtlich Arbeitsschutzes<\/strong>, <strong>Qualit\u00e4t und Ethik<\/strong>.<\/p>\n<\/div><div class=\"fusion-text fusion-text-3\" style=\"--awb-content-alignment:center;--awb-text-color:#ebeaea;\"><p><em><span style=\"color: #fcb900;\">\u201cDas gr\u00f6\u00dfte Kapital eines Unternehmens sind seine Kunden, denn ohne Kunden gibt es keine Unternehmen\u201d.<\/span><br \/>\n<\/em>Michael LeBoeuf<\/p>\n<\/div><\/div><\/div><div class=\"fusion-layout-column fusion_builder_column fusion-builder-column-2 fusion_builder_column_1_1 1_1 fusion-flex-column\" style=\"--awb-bg-size:cover;--awb-width-large:100%;--awb-margin-top-large:0px;--awb-spacing-right-large:1.92%;--awb-margin-bottom-large:20px;--awb-spacing-left-large:1.92%;--awb-width-medium:100%;--awb-order-medium:0;--awb-spacing-right-medium:1.92%;--awb-spacing-left-medium:1.92%;--awb-width-small:100%;--awb-order-small:0;--awb-spacing-right-small:1.92%;--awb-spacing-left-small:1.92%;\"><div class=\"fusion-column-wrapper fusion-column-has-shadow fusion-flex-justify-content-flex-start fusion-content-layout-column\"><div class=\"fusion-text fusion-text-4\" style=\"--awb-content-alignment:center;--awb-font-size:30px;--awb-text-color:#fcb900;\"><p>Gesundheit und Sicherheit<\/p>\n<\/div><div class=\"fusion-image-element \" style=\"text-align:center;--awb-caption-title-font-family:var(--h2_typography-font-family);--awb-caption-title-font-weight:var(--h2_typography-font-weight);--awb-caption-title-font-style:var(--h2_typography-font-style);--awb-caption-title-size:var(--h2_typography-font-size);--awb-caption-title-transform:var(--h2_typography-text-transform);--awb-caption-title-line-height:var(--h2_typography-line-height);--awb-caption-title-letter-spacing:var(--h2_typography-letter-spacing);\"><span class=\" fusion-imageframe imageframe-none imageframe-2 hover-type-none\"><img decoding=\"async\" width=\"91\" height=\"110\" title=\"salute_sicurezza_refractories\" src=\"https:\/\/www.refractoriesservices.com\/wp-content\/uploads\/2024\/12\/salute_sicurezza_refractories.png\" alt class=\"img-responsive wp-image-3571\"\/><\/span><\/div><div class=\"fusion-text fusion-text-5\" style=\"--awb-content-alignment:center;--awb-text-color:#ebeaea;--awb-margin-top:35px;\"><p>Die Gesundheit und Sicherheit unserer Mitarbeiter stehen bei uns an erster Stelle. Durch kontinuierliche Schulungen, die \u00dcberwachung von Beinaheunf\u00e4llen und Nichtkonformit\u00e4ten sowie unsere Aufmerksamkeit im Hinblick der Einhaltung von Vorschriften und Verfahren verbessern wir st\u00e4ndig unser Sicherheitsmanagementsystem. Zudem f\u00f6rdern wir eine Unternehmenskultur der unfallfreien Sicherheit, indem wir sie an die Mitarbeiter weitergeben und die Denkweise und Risikowahrnehmung unserer Mitarbeiter st\u00e4rken:<br \/><strong>Sicherheit ist Leben<\/strong>.<\/p>\n<\/div><div class=\"fusion-text fusion-text-6\" style=\"--awb-content-alignment:center;--awb-text-color:#ff0033;\"><p><a href=\"https:\/\/www.refractoriesservices.com\/wp-content\/uploads\/2024\/11\/refractories-service-Srls-ISO-45001.pdf\" target=\"_blank\" rel=\"noopener\"><strong>Wir sind nach UNI ISO 45001:2018 zertifiziert<\/strong><\/a><\/p>\n<\/div><\/div><\/div><div class=\"fusion-layout-column fusion_builder_column fusion-builder-column-3 fusion_builder_column_1_1 1_1 fusion-flex-column\" style=\"--awb-bg-size:cover;--awb-width-large:100%;--awb-margin-top-large:0px;--awb-spacing-right-large:1.92%;--awb-margin-bottom-large:20px;--awb-spacing-left-large:1.92%;--awb-width-medium:100%;--awb-order-medium:0;--awb-spacing-right-medium:1.92%;--awb-spacing-left-medium:1.92%;--awb-width-small:100%;--awb-order-small:0;--awb-spacing-right-small:1.92%;--awb-spacing-left-small:1.92%;\"><div class=\"fusion-column-wrapper fusion-column-has-shadow fusion-flex-justify-content-flex-start fusion-content-layout-column\"><div class=\"fusion-text fusion-text-7\" style=\"--awb-content-alignment:center;--awb-font-size:30px;--awb-text-color:#fcb900;\"><p>Qualit\u00e4t<\/p>\n<\/div><div class=\"fusion-image-element \" style=\"text-align:center;--awb-caption-title-font-family:var(--h2_typography-font-family);--awb-caption-title-font-weight:var(--h2_typography-font-weight);--awb-caption-title-font-style:var(--h2_typography-font-style);--awb-caption-title-size:var(--h2_typography-font-size);--awb-caption-title-transform:var(--h2_typography-text-transform);--awb-caption-title-line-height:var(--h2_typography-line-height);--awb-caption-title-letter-spacing:var(--h2_typography-letter-spacing);\"><span class=\" fusion-imageframe imageframe-none imageframe-3 hover-type-none\"><img decoding=\"async\" width=\"54\" height=\"111\" title=\"qualita\u0300_refractories\" src=\"https:\/\/www.refractoriesservices.com\/wp-content\/uploads\/2024\/12\/qualita_refractories.png\" alt class=\"img-responsive wp-image-3567\"\/><\/span><\/div><div class=\"fusion-text fusion-text-8\" style=\"--awb-content-alignment:center;--awb-text-color:#ebeaea;--awb-margin-top:35px;\"><p><strong>Qualit\u00e4t ist f\u00fcr unseren<\/strong> Wettbewerbsvorteil von entscheidender Bedeutung und das garantieren wir unseren Kunden. Die Unternehmensleitung verpflichtet sich, konstante und kontinuierliche Investitionen zu t\u00e4tigen, um bei der Lieferung und Installation von feuerfesten Auskleidungen an der Spitze zu stehen.<\/p>\n<\/div><div class=\"fusion-text fusion-text-9\" style=\"--awb-content-alignment:center;--awb-text-color:#ebeaea;\"><p><em><span style=\"color: #fcb900;\">\u201cQualit\u00e4t bedeutet, die Bed\u00fcrfnisse des Kunden zu befriedigen, die eigenen Erwartungen zu \u00fcbertreffen und sich dabei st\u00e4ndig zu verbessern\u201d.<\/span><br \/>\n<\/em>William Edwards Deming<\/p>\n<\/div><\/div><\/div><div class=\"fusion-layout-column fusion_builder_column fusion-builder-column-4 fusion_builder_column_1_1 1_1 fusion-flex-column\" style=\"--awb-bg-size:cover;--awb-width-large:100%;--awb-margin-top-large:0px;--awb-spacing-right-large:1.92%;--awb-margin-bottom-large:20px;--awb-spacing-left-large:1.92%;--awb-width-medium:100%;--awb-order-medium:0;--awb-spacing-right-medium:1.92%;--awb-spacing-left-medium:1.92%;--awb-width-small:100%;--awb-order-small:0;--awb-spacing-right-small:1.92%;--awb-spacing-left-small:1.92%;\"><div class=\"fusion-column-wrapper fusion-column-has-shadow fusion-flex-justify-content-flex-start fusion-content-layout-column\"><div class=\"fusion-text fusion-text-10\" style=\"--awb-content-alignment:center;--awb-font-size:30px;--awb-text-color:#fcb900;\"><p>Ethik<\/p>\n<\/div><div class=\"fusion-image-element \" style=\"text-align:center;--awb-caption-title-font-family:var(--h2_typography-font-family);--awb-caption-title-font-weight:var(--h2_typography-font-weight);--awb-caption-title-font-style:var(--h2_typography-font-style);--awb-caption-title-size:var(--h2_typography-font-size);--awb-caption-title-transform:var(--h2_typography-text-transform);--awb-caption-title-line-height:var(--h2_typography-line-height);--awb-caption-title-letter-spacing:var(--h2_typography-letter-spacing);\"><span class=\" fusion-imageframe imageframe-none imageframe-4 hover-type-none\"><img decoding=\"async\" width=\"111\" height=\"110\" title=\"etica_refractories\" src=\"https:\/\/www.refractoriesservices.com\/wp-content\/uploads\/2024\/12\/etica_refractories.png\" alt class=\"img-responsive wp-image-3559\" srcset=\"https:\/\/www.refractoriesservices.com\/wp-content\/uploads\/2024\/12\/etica_refractories-66x66.png 66w, https:\/\/www.refractoriesservices.com\/wp-content\/uploads\/2024\/12\/etica_refractories.png 111w\" sizes=\"(max-width: 111px) 100vw, 111px\" \/><\/span><\/div><div class=\"fusion-text fusion-text-11\" style=\"--awb-content-alignment:center;--awb-text-color:#ebeaea;--awb-margin-top:35px;\"><p>Die auf die Unternehmenst\u00e4tigkeit angewandte <strong>Ethik<\/strong> ist ein <strong>grundlegendes Element<\/strong> unseres Arbeitsverst\u00e4ndnisses. Dies zeigt sich in unseren Grundprinzipien, die wir in unserem Unternehmen anwenden: Pr\u00e4senz, Ehrlichkeit, Teamarbeit, Produktivit\u00e4t, positive Einstellung, Organisationsf\u00e4higkeit, Respekt und Zusammenarbeit.<\/p>\n<\/div><\/div><\/div><div class=\"fusion-layout-column fusion_builder_column fusion-builder-column-5 fusion_builder_column_1_1 1_1 fusion-flex-column\" style=\"--awb-bg-size:cover;--awb-width-large:100%;--awb-margin-top-large:0px;--awb-spacing-right-large:1.92%;--awb-margin-bottom-large:20px;--awb-spacing-left-large:1.92%;--awb-width-medium:100%;--awb-order-medium:0;--awb-spacing-right-medium:1.92%;--awb-spacing-left-medium:1.92%;--awb-width-small:100%;--awb-order-small:0;--awb-spacing-right-small:1.92%;--awb-spacing-left-small:1.92%;\"><div class=\"fusion-column-wrapper fusion-column-has-shadow fusion-flex-justify-content-flex-start fusion-content-layout-column\"><div class=\"fusion-text fusion-text-12\" style=\"--awb-content-alignment:center;--awb-font-size:30px;--awb-text-color:#fcb900;\"><p>Probleml\u00f6sung<\/p>\n<\/div><div class=\"fusion-image-element \" style=\"text-align:center;--awb-caption-title-font-family:var(--h2_typography-font-family);--awb-caption-title-font-weight:var(--h2_typography-font-weight);--awb-caption-title-font-style:var(--h2_typography-font-style);--awb-caption-title-size:var(--h2_typography-font-size);--awb-caption-title-transform:var(--h2_typography-text-transform);--awb-caption-title-line-height:var(--h2_typography-line-height);--awb-caption-title-letter-spacing:var(--h2_typography-letter-spacing);\"><span class=\" fusion-imageframe imageframe-none imageframe-5 hover-type-none\"><img decoding=\"async\" width=\"60\" height=\"109\" title=\"soluzioni_problemi_refractories\" src=\"https:\/\/www.refractoriesservices.com\/wp-content\/uploads\/2024\/12\/soluzioni_problemi_refractories.png\" alt class=\"img-responsive wp-image-3575\"\/><\/span><\/div><div class=\"fusion-text fusion-text-13\" style=\"--awb-content-alignment:center;--awb-text-color:#ebeaea;--awb-margin-top:35px;\"><p>Unser Gesch\u00e4ftsansatz besteht darin, <strong>L\u00f6sungen zu finden<\/strong>, um die Probleme unserer Kunden zu l\u00f6sen. Dies erreichen <strong>wir durch unsere Professionalit\u00e4t<\/strong>, die im Laufe der Jahre gesammelte Erfahrung, die st\u00e4ndige Weiterbildung in diesem Bereich und ein eigenes <strong>Forschungs<\/strong>&#8211; und <strong>Entwicklungsstudio<\/strong> in unserer Branche.<\/p>\n<\/div><\/div><\/div><\/div><\/div>\n","protected":false},"excerpt":{"rendered":"","protected":false},"author":1,"featured_media":0,"parent":0,"menu_order":0,"comment_status":"closed","ping_status":"closed","template":"100-width.php","meta":{"footnotes":""},"class_list":["post-2495","page","type-page","status-publish","hentry"],"yoast_head":"<!-- This site is optimized with the Yoast SEO plugin v24.1 - https:\/\/yoast.com\/wordpress\/plugins\/seo\/ -->\n<title>Mission - Refractories Services<\/title>\n<meta name=\"robots\" content=\"index, follow, max-snippet:-1, max-image-preview:large, max-video-preview:-1\" \/>\n<link rel=\"canonical\" href=\"https:\/\/www.refractoriesservices.com\/de\/mission\/\" \/>\n<meta property=\"og:locale\" content=\"de_DE\" \/>\n<meta property=\"og:type\" content=\"article\" \/>\n<meta property=\"og:title\" content=\"Mission - Refractories Services\" \/>\n<meta property=\"og:url\" content=\"https:\/\/www.refractoriesservices.com\/de\/mission\/\" \/>\n<meta property=\"og:site_name\" content=\"Refractories Services\" \/>\n<meta property=\"article:modified_time\" content=\"2024-12-19T13:50:40+00:00\" \/>\n<meta name=\"twitter:card\" content=\"summary_large_image\" \/>\n<meta name=\"twitter:label1\" content=\"Gesch\u00e4tzte Lesezeit\" \/>\n\t<meta name=\"twitter:data1\" content=\"24\u00a0Minuten\" \/>\n<script type=\"application\/ld+json\" class=\"yoast-schema-graph\">{\"@context\":\"https:\/\/schema.org\",\"@graph\":[{\"@type\":\"WebPage\",\"@id\":\"https:\/\/www.refractoriesservices.com\/de\/mission\/\",\"url\":\"https:\/\/www.refractoriesservices.com\/de\/mission\/\",\"name\":\"Mission - Refractories Services\",\"isPartOf\":{\"@id\":\"https:\/\/www.refractoriesservices.com\/#website\"},\"datePublished\":\"2024-11-21T16:09:19+00:00\",\"dateModified\":\"2024-12-19T13:50:40+00:00\",\"breadcrumb\":{\"@id\":\"https:\/\/www.refractoriesservices.com\/de\/mission\/#breadcrumb\"},\"inLanguage\":\"de\",\"potentialAction\":[{\"@type\":\"ReadAction\",\"target\":[\"https:\/\/www.refractoriesservices.com\/de\/mission\/\"]}]},{\"@type\":\"BreadcrumbList\",\"@id\":\"https:\/\/www.refractoriesservices.com\/de\/mission\/#breadcrumb\",\"itemListElement\":[{\"@type\":\"ListItem\",\"position\":1,\"name\":\"Home\",\"item\":\"https:\/\/www.refractoriesservices.com\/de\/\"},{\"@type\":\"ListItem\",\"position\":2,\"name\":\"Mission\"}]},{\"@type\":\"WebSite\",\"@id\":\"https:\/\/www.refractoriesservices.com\/#website\",\"url\":\"https:\/\/www.refractoriesservices.com\/\",\"name\":\"Refractories Services\",\"description\":\"\",\"potentialAction\":[{\"@type\":\"SearchAction\",\"target\":{\"@type\":\"EntryPoint\",\"urlTemplate\":\"https:\/\/www.refractoriesservices.com\/?s={search_term_string}\"},\"query-input\":{\"@type\":\"PropertyValueSpecification\",\"valueRequired\":true,\"valueName\":\"search_term_string\"}}],\"inLanguage\":\"de\"}]}<\/script>\n<!-- \/ Yoast SEO plugin. -->","yoast_head_json":{"title":"Mission - Refractories Services","robots":{"index":"index","follow":"follow","max-snippet":"max-snippet:-1","max-image-preview":"max-image-preview:large","max-video-preview":"max-video-preview:-1"},"canonical":"https:\/\/www.refractoriesservices.com\/de\/mission\/","og_locale":"de_DE","og_type":"article","og_title":"Mission - Refractories Services","og_url":"https:\/\/www.refractoriesservices.com\/de\/mission\/","og_site_name":"Refractories Services","article_modified_time":"2024-12-19T13:50:40+00:00","twitter_card":"summary_large_image","twitter_misc":{"Gesch\u00e4tzte Lesezeit":"24\u00a0Minuten"},"schema":{"@context":"https:\/\/schema.org","@graph":[{"@type":"WebPage","@id":"https:\/\/www.refractoriesservices.com\/de\/mission\/","url":"https:\/\/www.refractoriesservices.com\/de\/mission\/","name":"Mission - Refractories Services","isPartOf":{"@id":"https:\/\/www.refractoriesservices.com\/#website"},"datePublished":"2024-11-21T16:09:19+00:00","dateModified":"2024-12-19T13:50:40+00:00","breadcrumb":{"@id":"https:\/\/www.refractoriesservices.com\/de\/mission\/#breadcrumb"},"inLanguage":"de","potentialAction":[{"@type":"ReadAction","target":["https:\/\/www.refractoriesservices.com\/de\/mission\/"]}]},{"@type":"BreadcrumbList","@id":"https:\/\/www.refractoriesservices.com\/de\/mission\/#breadcrumb","itemListElement":[{"@type":"ListItem","position":1,"name":"Home","item":"https:\/\/www.refractoriesservices.com\/de\/"},{"@type":"ListItem","position":2,"name":"Mission"}]},{"@type":"WebSite","@id":"https:\/\/www.refractoriesservices.com\/#website","url":"https:\/\/www.refractoriesservices.com\/","name":"Refractories Services","description":"","potentialAction":[{"@type":"SearchAction","target":{"@type":"EntryPoint","urlTemplate":"https:\/\/www.refractoriesservices.com\/?s={search_term_string}"},"query-input":{"@type":"PropertyValueSpecification","valueRequired":true,"valueName":"search_term_string"}}],"inLanguage":"de"}]}},"_links":{"self":[{"href":"https:\/\/www.refractoriesservices.com\/de\/wp-json\/wp\/v2\/pages\/2495","targetHints":{"allow":["GET"]}}],"collection":[{"href":"https:\/\/www.refractoriesservices.com\/de\/wp-json\/wp\/v2\/pages"}],"about":[{"href":"https:\/\/www.refractoriesservices.com\/de\/wp-json\/wp\/v2\/types\/page"}],"author":[{"embeddable":true,"href":"https:\/\/www.refractoriesservices.com\/de\/wp-json\/wp\/v2\/users\/1"}],"replies":[{"embeddable":true,"href":"https:\/\/www.refractoriesservices.com\/de\/wp-json\/wp\/v2\/comments?post=2495"}],"version-history":[{"count":4,"href":"https:\/\/www.refractoriesservices.com\/de\/wp-json\/wp\/v2\/pages\/2495\/revisions"}],"predecessor-version":[{"id":4201,"href":"https:\/\/www.refractoriesservices.com\/de\/wp-json\/wp\/v2\/pages\/2495\/revisions\/4201"}],"wp:attachment":[{"href":"https:\/\/www.refractoriesservices.com\/de\/wp-json\/wp\/v2\/media?parent=2495"}],"curies":[{"name":"wp","href":"https:\/\/api.w.org\/{rel}","templated":true}]}}