{"id":2429,"date":"2024-11-21T14:10:31","date_gmt":"2024-11-21T14:10:31","guid":{"rendered":"http:\/\/refractoriesservices.com.31-193-130-42.omega2000.it\/biomassekessel\/"},"modified":"2024-12-19T14:06:31","modified_gmt":"2024-12-19T14:06:31","slug":"biomassekessel","status":"publish","type":"page","link":"https:\/\/www.refractoriesservices.com\/de\/biomassekessel\/","title":{"rendered":"Biomassekessel"},"content":{"rendered":"<div class=\"fusion-fullwidth fullwidth-box fusion-builder-row-1 fusion-flex-container has-pattern-background has-mask-background nonhundred-percent-fullwidth non-hundred-percent-height-scrolling\" style=\"--awb-border-radius-top-left:0px;--awb-border-radius-top-right:0px;--awb-border-radius-bottom-right:0px;--awb-border-radius-bottom-left:0px;--awb-background-color:#000000;--awb-flex-wrap:wrap;\" ><div class=\"fusion-builder-row fusion-row fusion-flex-align-items-flex-start fusion-flex-content-wrap\" style=\"max-width:1248px;margin-left: calc(-4% \/ 2 );margin-right: calc(-4% \/ 2 );\"><div class=\"fusion-layout-column fusion_builder_column fusion-builder-column-0 fusion_builder_column_1_1 1_1 fusion-flex-column\" style=\"--awb-bg-size:cover;--awb-width-large:100%;--awb-margin-top-large:0px;--awb-spacing-right-large:1.92%;--awb-margin-bottom-large:20px;--awb-spacing-left-large:1.92%;--awb-width-medium:100%;--awb-order-medium:0;--awb-spacing-right-medium:1.92%;--awb-spacing-left-medium:1.92%;--awb-width-small:100%;--awb-order-small:0;--awb-spacing-right-small:1.92%;--awb-spacing-left-small:1.92%;\"><div class=\"fusion-column-wrapper fusion-column-has-shadow fusion-flex-justify-content-flex-start fusion-content-layout-column\"><div class=\"fusion-title title fusion-title-1 fusion-sep-none fusion-title-center fusion-title-text fusion-title-size-two\" style=\"--awb-text-color:#fcb900;\"><h2 class=\"fusion-title-heading title-heading-center\" style=\"margin:0;\">Biomassekessel<\/h2><\/div><div class=\"fusion-separator\" style=\"align-self: center;margin-left: auto;margin-right: auto;margin-bottom:20px;width:100%;max-width:80px;\"><div class=\"fusion-separator-border sep-single sep-solid\" style=\"--awb-height:20px;--awb-amount:20px;--awb-sep-color:#fcb900;border-color:#fcb900#ff0033;border-top-width:1px;\"><\/div><\/div><div class=\"fusion-text fusion-text-1\" style=\"--awb-text-color:#ebeaea;\"><p>Die Industrieanlagen im Bereich der Hei\u00dfwasser-, Dampf- und Thermo\u00f6l-Heizkessel haben im Laufe der Jahre eine beeindruckende Entwicklung durchlaufen, vor allem in Bezug auf Abmessungen und Leistung, Themen, bei denen ein hohes Ma\u00df an Leistung und Optimierung erforderlich ist.<\/p>\n<p>Aufgrund ihres Verwendungszwecks sind Biomassekessel auch f\u00fcr die Fernw\u00e4rmeversorgung von umliegenden H\u00e4usern und \u00f6ffentlichen Geb\u00e4uden (Krankenh\u00e4user, Schulen usw.) ausgelegt, so dass eine sorgf\u00e4ltige Wartung durch den Betreiber in sehr kurzer Zeit erforderlich ist, um ungeplante Unterbrechungen zu vermeiden.<\/p>\n<p>Im Laufe der Jahre haben wir bei den verschiedenen Kesseln, mit denen wir beauftragt wurden, die Anforderungen der Kunden hinsichtlich Zeit und Effizienz vollst\u00e4ndig erf\u00fcllt, indem wir den Zustand der Auskleidungen der Anlagen ausgewertet haben und in der Lage waren, schrittweise die erforderlichen Verbesserungen vorzunehmen, um die Isolierleistung und die Haltbarkeit der Auskleidungen zu verl\u00e4ngern.<\/p>\n<\/div><\/div><\/div><\/div><\/div>\n","protected":false},"excerpt":{"rendered":"","protected":false},"author":1,"featured_media":0,"parent":0,"menu_order":0,"comment_status":"closed","ping_status":"closed","template":"100-width.php","meta":{"footnotes":""},"class_list":["post-2429","page","type-page","status-publish","hentry"],"yoast_head":"<!-- This site is optimized with the Yoast SEO plugin v24.1 - https:\/\/yoast.com\/wordpress\/plugins\/seo\/ -->\n<title>Biomassekessel - Refractories Services<\/title>\n<meta name=\"robots\" content=\"index, follow, max-snippet:-1, max-image-preview:large, max-video-preview:-1\" \/>\n<link rel=\"canonical\" href=\"https:\/\/www.refractoriesservices.com\/de\/biomassekessel\/\" \/>\n<meta property=\"og:locale\" content=\"de_DE\" \/>\n<meta property=\"og:type\" content=\"article\" \/>\n<meta property=\"og:title\" content=\"Biomassekessel - Refractories Services\" \/>\n<meta property=\"og:url\" content=\"https:\/\/www.refractoriesservices.com\/de\/biomassekessel\/\" \/>\n<meta property=\"og:site_name\" content=\"Refractories Services\" \/>\n<meta property=\"article:modified_time\" content=\"2024-12-19T14:06:31+00:00\" \/>\n<meta name=\"twitter:card\" content=\"summary_large_image\" \/>\n<meta name=\"twitter:label1\" content=\"Gesch\u00e4tzte Lesezeit\" \/>\n\t<meta name=\"twitter:data1\" content=\"4\u00a0Minuten\" \/>\n<script type=\"application\/ld+json\" class=\"yoast-schema-graph\">{\"@context\":\"https:\/\/schema.org\",\"@graph\":[{\"@type\":\"WebPage\",\"@id\":\"https:\/\/www.refractoriesservices.com\/de\/biomassekessel\/\",\"url\":\"https:\/\/www.refractoriesservices.com\/de\/biomassekessel\/\",\"name\":\"Biomassekessel - Refractories Services\",\"isPartOf\":{\"@id\":\"https:\/\/www.refractoriesservices.com\/#website\"},\"datePublished\":\"2024-11-21T14:10:31+00:00\",\"dateModified\":\"2024-12-19T14:06:31+00:00\",\"breadcrumb\":{\"@id\":\"https:\/\/www.refractoriesservices.com\/de\/biomassekessel\/#breadcrumb\"},\"inLanguage\":\"de\",\"potentialAction\":[{\"@type\":\"ReadAction\",\"target\":[\"https:\/\/www.refractoriesservices.com\/de\/biomassekessel\/\"]}]},{\"@type\":\"BreadcrumbList\",\"@id\":\"https:\/\/www.refractoriesservices.com\/de\/biomassekessel\/#breadcrumb\",\"itemListElement\":[{\"@type\":\"ListItem\",\"position\":1,\"name\":\"Home\",\"item\":\"https:\/\/www.refractoriesservices.com\/de\/\"},{\"@type\":\"ListItem\",\"position\":2,\"name\":\"Biomassekessel\"}]},{\"@type\":\"WebSite\",\"@id\":\"https:\/\/www.refractoriesservices.com\/#website\",\"url\":\"https:\/\/www.refractoriesservices.com\/\",\"name\":\"Refractories Services\",\"description\":\"\",\"potentialAction\":[{\"@type\":\"SearchAction\",\"target\":{\"@type\":\"EntryPoint\",\"urlTemplate\":\"https:\/\/www.refractoriesservices.com\/?s={search_term_string}\"},\"query-input\":{\"@type\":\"PropertyValueSpecification\",\"valueRequired\":true,\"valueName\":\"search_term_string\"}}],\"inLanguage\":\"de\"}]}<\/script>\n<!-- \/ Yoast SEO plugin. -->","yoast_head_json":{"title":"Biomassekessel - Refractories Services","robots":{"index":"index","follow":"follow","max-snippet":"max-snippet:-1","max-image-preview":"max-image-preview:large","max-video-preview":"max-video-preview:-1"},"canonical":"https:\/\/www.refractoriesservices.com\/de\/biomassekessel\/","og_locale":"de_DE","og_type":"article","og_title":"Biomassekessel - Refractories Services","og_url":"https:\/\/www.refractoriesservices.com\/de\/biomassekessel\/","og_site_name":"Refractories Services","article_modified_time":"2024-12-19T14:06:31+00:00","twitter_card":"summary_large_image","twitter_misc":{"Gesch\u00e4tzte Lesezeit":"4\u00a0Minuten"},"schema":{"@context":"https:\/\/schema.org","@graph":[{"@type":"WebPage","@id":"https:\/\/www.refractoriesservices.com\/de\/biomassekessel\/","url":"https:\/\/www.refractoriesservices.com\/de\/biomassekessel\/","name":"Biomassekessel - Refractories Services","isPartOf":{"@id":"https:\/\/www.refractoriesservices.com\/#website"},"datePublished":"2024-11-21T14:10:31+00:00","dateModified":"2024-12-19T14:06:31+00:00","breadcrumb":{"@id":"https:\/\/www.refractoriesservices.com\/de\/biomassekessel\/#breadcrumb"},"inLanguage":"de","potentialAction":[{"@type":"ReadAction","target":["https:\/\/www.refractoriesservices.com\/de\/biomassekessel\/"]}]},{"@type":"BreadcrumbList","@id":"https:\/\/www.refractoriesservices.com\/de\/biomassekessel\/#breadcrumb","itemListElement":[{"@type":"ListItem","position":1,"name":"Home","item":"https:\/\/www.refractoriesservices.com\/de\/"},{"@type":"ListItem","position":2,"name":"Biomassekessel"}]},{"@type":"WebSite","@id":"https:\/\/www.refractoriesservices.com\/#website","url":"https:\/\/www.refractoriesservices.com\/","name":"Refractories Services","description":"","potentialAction":[{"@type":"SearchAction","target":{"@type":"EntryPoint","urlTemplate":"https:\/\/www.refractoriesservices.com\/?s={search_term_string}"},"query-input":{"@type":"PropertyValueSpecification","valueRequired":true,"valueName":"search_term_string"}}],"inLanguage":"de"}]}},"_links":{"self":[{"href":"https:\/\/www.refractoriesservices.com\/de\/wp-json\/wp\/v2\/pages\/2429","targetHints":{"allow":["GET"]}}],"collection":[{"href":"https:\/\/www.refractoriesservices.com\/de\/wp-json\/wp\/v2\/pages"}],"about":[{"href":"https:\/\/www.refractoriesservices.com\/de\/wp-json\/wp\/v2\/types\/page"}],"author":[{"embeddable":true,"href":"https:\/\/www.refractoriesservices.com\/de\/wp-json\/wp\/v2\/users\/1"}],"replies":[{"embeddable":true,"href":"https:\/\/www.refractoriesservices.com\/de\/wp-json\/wp\/v2\/comments?post=2429"}],"version-history":[{"count":4,"href":"https:\/\/www.refractoriesservices.com\/de\/wp-json\/wp\/v2\/pages\/2429\/revisions"}],"predecessor-version":[{"id":4217,"href":"https:\/\/www.refractoriesservices.com\/de\/wp-json\/wp\/v2\/pages\/2429\/revisions\/4217"}],"wp:attachment":[{"href":"https:\/\/www.refractoriesservices.com\/de\/wp-json\/wp\/v2\/media?parent=2429"}],"curies":[{"name":"wp","href":"https:\/\/api.w.org\/{rel}","templated":true}]}}