{"id":2423,"date":"2024-11-21T16:05:59","date_gmt":"2024-11-21T16:05:59","guid":{"rendered":"http:\/\/refractoriesservices.com.31-193-130-42.omega2000.it\/unternehmen\/"},"modified":"2025-04-02T15:55:39","modified_gmt":"2025-04-02T15:55:39","slug":"unternehmen","status":"publish","type":"page","link":"https:\/\/www.refractoriesservices.com\/de\/unternehmen\/","title":{"rendered":"Unternehmen"},"content":{"rendered":"<p><div class=\"fusion-fullwidth fullwidth-box fusion-builder-row-1 fusion-flex-container has-pattern-background has-mask-background nonhundred-percent-fullwidth non-hundred-percent-height-scrolling\" style=\"--awb-border-radius-top-left:0px;--awb-border-radius-top-right:0px;--awb-border-radius-bottom-right:0px;--awb-border-radius-bottom-left:0px;--awb-background-color:#000000;--awb-flex-wrap:wrap;\" ><div class=\"fusion-builder-row fusion-row fusion-flex-align-items-flex-start fusion-flex-content-wrap\" style=\"max-width:1248px;margin-left: calc(-4% \/ 2 );margin-right: calc(-4% \/ 2 );\"><div class=\"fusion-layout-column fusion_builder_column fusion-builder-column-0 fusion_builder_column_1_2 1_2 fusion-flex-column\" style=\"--awb-bg-size:cover;--awb-width-large:50%;--awb-margin-top-large:0px;--awb-spacing-right-large:3.84%;--awb-margin-bottom-large:20px;--awb-spacing-left-large:3.84%;--awb-width-medium:50%;--awb-order-medium:0;--awb-spacing-right-medium:3.84%;--awb-spacing-left-medium:3.84%;--awb-width-small:100%;--awb-order-small:0;--awb-spacing-right-small:1.92%;--awb-spacing-left-small:1.92%;\"><div class=\"fusion-column-wrapper fusion-column-has-shadow fusion-flex-justify-content-flex-start fusion-content-layout-column\"><div class=\"fusion-title title fusion-title-1 fusion-sep-none fusion-title-center fusion-title-text fusion-title-size-two\" style=\"--awb-text-color:#fcb900;\"><h2 class=\"fusion-title-heading title-heading-center\" style=\"margin:0;\">Unternehmen<\/h2><\/div><div class=\"fusion-separator\" style=\"align-self: center;margin-left: auto;margin-right: auto;margin-bottom:20px;width:100%;max-width:80px;\"><div class=\"fusion-separator-border sep-single sep-solid\" style=\"--awb-height:20px;--awb-amount:20px;--awb-sep-color:#fcb900;border-color:#fcb900;border-top-width:1px;\"><\/div><\/div><div class=\"fusion-text fusion-text-1\" style=\"--awb-text-color:#ebeaea;\"><p>Die Erfahrung von Refractories Services, die seit 1995 vom Gr\u00fcndungspartner Sartorato Renzo gegr\u00fcndet wurde, wurde im Generationswechsel vervollst\u00e4ndigt und erm\u00f6glichte es dem Unternehmen, exklusive schl\u00fcsselfertige Anlagen im Bereich der feuerfesten Auskleidung anzubieten oder kundenspezifische Entw\u00fcrfe, bzw. Anforderungen, zu bearbeiten.<\/p>\n<\/div><div style=\"text-align:center;\"><a class=\"fusion-button button-flat fusion-button-default-size button-default fusion-button-default button-1 fusion-button-default-span fusion-button-default-type\" target=\"_self\" href=\"https:\/\/www.refractoriesservices.com\/wp-content\/uploads\/2025\/03\/MOD-520-A-Politica-SSL2025-refractories-services.pdf\"><span class=\"fusion-button-text\">Qualit\u00e4tspolitik<\/span><\/a><\/div><\/div><\/div><div class=\"fusion-layout-column fusion_builder_column fusion-builder-column-1 fusion_builder_column_1_2 1_2 fusion-flex-column\" style=\"--awb-bg-size:cover;--awb-width-large:50%;--awb-margin-top-large:0px;--awb-spacing-right-large:3.84%;--awb-margin-bottom-large:20px;--awb-spacing-left-large:3.84%;--awb-width-medium:50%;--awb-order-medium:0;--awb-spacing-right-medium:3.84%;--awb-spacing-left-medium:3.84%;--awb-width-small:100%;--awb-order-small:0;--awb-spacing-right-small:1.92%;--awb-spacing-left-small:1.92%;\"><div class=\"fusion-column-wrapper fusion-column-has-shadow fusion-flex-justify-content-flex-start fusion-content-layout-column\"><div class=\"fusion-image-element \" style=\"--awb-aspect-ratio: 100 \/ 80;--awb-margin-bottom:25px;--awb-caption-title-font-family:var(--h2_typography-font-family);--awb-caption-title-font-weight:var(--h2_typography-font-weight);--awb-caption-title-font-style:var(--h2_typography-font-style);--awb-caption-title-size:var(--h2_typography-font-size);--awb-caption-title-transform:var(--h2_typography-text-transform);--awb-caption-title-line-height:var(--h2_typography-line-height);--awb-caption-title-letter-spacing:var(--h2_typography-letter-spacing);\"><span class=\" fusion-imageframe imageframe-none imageframe-1 hover-type-none has-aspect-ratio\"><img decoding=\"async\" width=\"1200\" height=\"851\" title=\"refractories-group\" src=\"https:\/\/www.refractoriesservices.com\/wp-content\/uploads\/2024\/11\/refractories-group-2.jpg\" class=\"img-responsive wp-image-2085 img-with-aspect-ratio\" alt srcset=\"https:\/\/www.refractoriesservices.com\/wp-content\/uploads\/2024\/11\/refractories-group-2-200x142.jpg 200w, https:\/\/www.refractoriesservices.com\/wp-content\/uploads\/2024\/11\/refractories-group-2-400x284.jpg 400w, https:\/\/www.refractoriesservices.com\/wp-content\/uploads\/2024\/11\/refractories-group-2-600x426.jpg 600w, https:\/\/www.refractoriesservices.com\/wp-content\/uploads\/2024\/11\/refractories-group-2-800x567.jpg 800w, https:\/\/www.refractoriesservices.com\/wp-content\/uploads\/2024\/11\/refractories-group-2.jpg 1200w\" sizes=\"(max-width: 640px) 100vw, 600px\" \/><\/span><\/div><\/div><\/div><\/div><\/div><div class=\"fusion-fullwidth fullwidth-box fusion-builder-row-2 fusion-flex-container has-pattern-background has-mask-background nonhundred-percent-fullwidth non-hundred-percent-height-scrolling\" style=\"--awb-border-radius-top-left:0px;--awb-border-radius-top-right:0px;--awb-border-radius-bottom-right:0px;--awb-border-radius-bottom-left:0px;--awb-flex-wrap:wrap;\" ><div class=\"fusion-builder-row fusion-row fusion-flex-align-items-flex-start fusion-flex-content-wrap\" style=\"max-width:1248px;margin-left: calc(-4% \/ 2 );margin-right: calc(-4% \/ 2 );\"><div class=\"fusion-layout-column fusion_builder_column fusion-builder-column-2 fusion_builder_column_1_1 1_1 fusion-flex-column\" style=\"--awb-bg-size:cover;--awb-width-large:100%;--awb-margin-top-large:0px;--awb-spacing-right-large:1.92%;--awb-margin-bottom-large:20px;--awb-spacing-left-large:1.92%;--awb-width-medium:100%;--awb-order-medium:0;--awb-spacing-right-medium:1.92%;--awb-spacing-left-medium:1.92%;--awb-width-small:100%;--awb-order-small:0;--awb-spacing-right-small:1.92%;--awb-spacing-left-small:1.92%;\"><div class=\"fusion-column-wrapper fusion-column-has-shadow fusion-flex-justify-content-flex-start fusion-content-layout-column\"><div class=\"fusion-separator\" style=\"align-self: center;margin-left: auto;margin-right: auto;margin-bottom:20px;width:100%;max-width:80px;\"><div class=\"fusion-separator-border sep-single sep-solid\" style=\"--awb-height:20px;--awb-amount:20px;--awb-sep-color:#fcb900;border-color:#fcb900;border-top-width:1px;\"><\/div><\/div><div class=\"fusion-image-element \" style=\"text-align:center;--awb-margin-top:40px;--awb-caption-title-font-family:var(--h2_typography-font-family);--awb-caption-title-font-weight:var(--h2_typography-font-weight);--awb-caption-title-font-style:var(--h2_typography-font-style);--awb-caption-title-size:var(--h2_typography-font-size);--awb-caption-title-transform:var(--h2_typography-text-transform);--awb-caption-title-line-height:var(--h2_typography-line-height);--awb-caption-title-letter-spacing:var(--h2_typography-letter-spacing);\"><span class=\" fusion-imageframe imageframe-none imageframe-2 hover-type-none\"><img decoding=\"async\" width=\"44\" height=\"40\" title=\"codice_etico_small\" src=\"https:\/\/www.refractoriesservices.com\/wp-content\/uploads\/2025\/02\/codice_etico_small.png\" alt class=\"img-responsive wp-image-4817\"\/><\/span><\/div><div class=\"fusion-text fusion-text-2\" style=\"--awb-text-color:#ebeaea;--awb-margin-top:40px;\"><p>Die Flexibilit\u00e4t der Eingriffe ist eines der Merkmale, die unseren Service auszeichnen, ebenso wie die vollst\u00e4ndige \u00dcbersicht \u00fcber die verschiedenen Arten von Beschichtungen in den spezifischen Anwendungsbereichen der verschiedenen Materialien in unterschiedlichen Arten von \u00d6fen und die Kompetenz und Professionalit\u00e4t des gew\u00f6hnlich eingesetzten Personals.<br \/>\nKontinuierliche Studien und Investitionen in Sicherheitsfragen sowie die Suche nach geeigneten Instrumenten und Verfahren, um diese zu gew\u00e4hrleisten, haben dazu gef\u00fchrt, dass Refractories Services heute eines der vollst\u00e4ndigsten und effizientesten Unternehmen der Branche ist.<\/p>\n<p>Das Eingehen auf die Bed\u00fcrfnisse des Kunden und die gemeinsame Planung der auszuf\u00fchrenden Arbeiten, sowohl in der Neubau- als auch in der Reparaturphase, erm\u00f6glichen einen konsolidierten Erfolg unserer Kunden, indem sie die Anlagenstillst\u00e4nde erleichtern und die Dauer der Reparaturen selbst verl\u00e4ngern, auch dank der Unterst\u00fctzung bei der technischen Auswahl der zu verwendenden Materialien.<\/p>\n<\/div><div style=\"text-align:center;\"><a class=\"fusion-button button-flat fusion-button-default-size button-default fusion-button-default button-2 fusion-button-default-span fusion-button-default-type\" target=\"_self\" title=\"https:\/\/www.refractoriesservices.com\/wp-content\/uploads\/2025\/02\/codice_etico_MOGC_CE_refrectories_service.pdf\" aria-label=\"https:\/\/www.refractoriesservices.com\/wp-content\/uploads\/2025\/02\/codice_etico_MOGC_CE_refrectories_service.pdf\" href=\"https:\/\/www.refractoriesservices.com\/wp-content\/uploads\/2025\/03\/MOD-520-A-Politica-SSL2025-refractories-services.pdf\"><span class=\"fusion-button-text\">Ethikkodex<\/span><\/a><\/div><\/div><\/div><\/div><\/div><\/p>\n","protected":false},"excerpt":{"rendered":"","protected":false},"author":1,"featured_media":0,"parent":0,"menu_order":0,"comment_status":"closed","ping_status":"closed","template":"100-width.php","meta":{"footnotes":""},"class_list":["post-2423","page","type-page","status-publish","hentry"],"yoast_head":"<!-- This site is optimized with the Yoast SEO plugin v24.1 - https:\/\/yoast.com\/wordpress\/plugins\/seo\/ -->\n<title>Unternehmen - Refractories Services<\/title>\n<meta name=\"robots\" content=\"index, follow, max-snippet:-1, max-image-preview:large, max-video-preview:-1\" \/>\n<link rel=\"canonical\" href=\"https:\/\/www.refractoriesservices.com\/de\/unternehmen\/\" \/>\n<meta property=\"og:locale\" content=\"de_DE\" \/>\n<meta property=\"og:type\" content=\"article\" \/>\n<meta property=\"og:title\" content=\"Unternehmen - Refractories Services\" \/>\n<meta property=\"og:url\" content=\"https:\/\/www.refractoriesservices.com\/de\/unternehmen\/\" \/>\n<meta property=\"og:site_name\" content=\"Refractories Services\" \/>\n<meta property=\"article:modified_time\" content=\"2025-04-02T15:55:39+00:00\" \/>\n<meta name=\"twitter:card\" content=\"summary_large_image\" \/>\n<meta name=\"twitter:label1\" content=\"Gesch\u00e4tzte Lesezeit\" \/>\n\t<meta name=\"twitter:data1\" content=\"2\u00a0Minuten\" \/>\n<script type=\"application\/ld+json\" class=\"yoast-schema-graph\">{\"@context\":\"https:\/\/schema.org\",\"@graph\":[{\"@type\":\"WebPage\",\"@id\":\"https:\/\/www.refractoriesservices.com\/de\/unternehmen\/\",\"url\":\"https:\/\/www.refractoriesservices.com\/de\/unternehmen\/\",\"name\":\"Unternehmen - Refractories Services\",\"isPartOf\":{\"@id\":\"https:\/\/www.refractoriesservices.com\/#website\"},\"datePublished\":\"2024-11-21T16:05:59+00:00\",\"dateModified\":\"2025-04-02T15:55:39+00:00\",\"breadcrumb\":{\"@id\":\"https:\/\/www.refractoriesservices.com\/de\/unternehmen\/#breadcrumb\"},\"inLanguage\":\"de\",\"potentialAction\":[{\"@type\":\"ReadAction\",\"target\":[\"https:\/\/www.refractoriesservices.com\/de\/unternehmen\/\"]}]},{\"@type\":\"BreadcrumbList\",\"@id\":\"https:\/\/www.refractoriesservices.com\/de\/unternehmen\/#breadcrumb\",\"itemListElement\":[{\"@type\":\"ListItem\",\"position\":1,\"name\":\"Home\",\"item\":\"https:\/\/www.refractoriesservices.com\/de\/\"},{\"@type\":\"ListItem\",\"position\":2,\"name\":\"Unternehmen\"}]},{\"@type\":\"WebSite\",\"@id\":\"https:\/\/www.refractoriesservices.com\/#website\",\"url\":\"https:\/\/www.refractoriesservices.com\/\",\"name\":\"Refractories Services\",\"description\":\"\",\"potentialAction\":[{\"@type\":\"SearchAction\",\"target\":{\"@type\":\"EntryPoint\",\"urlTemplate\":\"https:\/\/www.refractoriesservices.com\/?s={search_term_string}\"},\"query-input\":{\"@type\":\"PropertyValueSpecification\",\"valueRequired\":true,\"valueName\":\"search_term_string\"}}],\"inLanguage\":\"de\"}]}<\/script>\n<!-- \/ Yoast SEO plugin. -->","yoast_head_json":{"title":"Unternehmen - Refractories Services","robots":{"index":"index","follow":"follow","max-snippet":"max-snippet:-1","max-image-preview":"max-image-preview:large","max-video-preview":"max-video-preview:-1"},"canonical":"https:\/\/www.refractoriesservices.com\/de\/unternehmen\/","og_locale":"de_DE","og_type":"article","og_title":"Unternehmen - Refractories Services","og_url":"https:\/\/www.refractoriesservices.com\/de\/unternehmen\/","og_site_name":"Refractories Services","article_modified_time":"2025-04-02T15:55:39+00:00","twitter_card":"summary_large_image","twitter_misc":{"Gesch\u00e4tzte Lesezeit":"2\u00a0Minuten"},"schema":{"@context":"https:\/\/schema.org","@graph":[{"@type":"WebPage","@id":"https:\/\/www.refractoriesservices.com\/de\/unternehmen\/","url":"https:\/\/www.refractoriesservices.com\/de\/unternehmen\/","name":"Unternehmen - Refractories Services","isPartOf":{"@id":"https:\/\/www.refractoriesservices.com\/#website"},"datePublished":"2024-11-21T16:05:59+00:00","dateModified":"2025-04-02T15:55:39+00:00","breadcrumb":{"@id":"https:\/\/www.refractoriesservices.com\/de\/unternehmen\/#breadcrumb"},"inLanguage":"de","potentialAction":[{"@type":"ReadAction","target":["https:\/\/www.refractoriesservices.com\/de\/unternehmen\/"]}]},{"@type":"BreadcrumbList","@id":"https:\/\/www.refractoriesservices.com\/de\/unternehmen\/#breadcrumb","itemListElement":[{"@type":"ListItem","position":1,"name":"Home","item":"https:\/\/www.refractoriesservices.com\/de\/"},{"@type":"ListItem","position":2,"name":"Unternehmen"}]},{"@type":"WebSite","@id":"https:\/\/www.refractoriesservices.com\/#website","url":"https:\/\/www.refractoriesservices.com\/","name":"Refractories Services","description":"","potentialAction":[{"@type":"SearchAction","target":{"@type":"EntryPoint","urlTemplate":"https:\/\/www.refractoriesservices.com\/?s={search_term_string}"},"query-input":{"@type":"PropertyValueSpecification","valueRequired":true,"valueName":"search_term_string"}}],"inLanguage":"de"}]}},"_links":{"self":[{"href":"https:\/\/www.refractoriesservices.com\/de\/wp-json\/wp\/v2\/pages\/2423","targetHints":{"allow":["GET"]}}],"collection":[{"href":"https:\/\/www.refractoriesservices.com\/de\/wp-json\/wp\/v2\/pages"}],"about":[{"href":"https:\/\/www.refractoriesservices.com\/de\/wp-json\/wp\/v2\/types\/page"}],"author":[{"embeddable":true,"href":"https:\/\/www.refractoriesservices.com\/de\/wp-json\/wp\/v2\/users\/1"}],"replies":[{"embeddable":true,"href":"https:\/\/www.refractoriesservices.com\/de\/wp-json\/wp\/v2\/comments?post=2423"}],"version-history":[{"count":16,"href":"https:\/\/www.refractoriesservices.com\/de\/wp-json\/wp\/v2\/pages\/2423\/revisions"}],"predecessor-version":[{"id":4926,"href":"https:\/\/www.refractoriesservices.com\/de\/wp-json\/wp\/v2\/pages\/2423\/revisions\/4926"}],"wp:attachment":[{"href":"https:\/\/www.refractoriesservices.com\/de\/wp-json\/wp\/v2\/media?parent=2423"}],"curies":[{"name":"wp","href":"https:\/\/api.w.org\/{rel}","templated":true}]}}